{"id":989,"date":"2019-04-20T18:20:16","date_gmt":"2019-04-20T21:20:16","guid":{"rendered":"https:\/\/applebejarano.com.ar\/herramientas\/?post_type=product&#038;p=989"},"modified":"2025-06-13T15:03:53","modified_gmt":"2025-06-13T18:03:53","slug":"zxw-dongle-original-esquema-iphone-y-samsung","status":"publish","type":"product","link":"https:\/\/applebejarano.com.ar\/herramientas\/producto\/zxw-dongle-original-esquema-iphone-y-samsung\/","title":{"rendered":"ZXW DONGLE ORIGINAL ESQUEMA IPHONE Y SAMSUNG"},"content":{"rendered":"<p><iframe loading=\"lazy\" src=\"https:\/\/www.youtube.com\/embed\/QIpe5Ancch4\" width=\"400\" height=\"300\" frameborder=\"0\" allowfullscreen=\"allowfullscreen\"><span data-mce-type=\"bookmark\" style=\"display: inline-block; width: 0px; overflow: hidden; line-height: 0;\" class=\"mce_SELRES_start\">\ufeff<\/span><\/iframe><\/p>\n<p>Codigo de activacion para acceso a zxw.<br \/>\nDeber\u00e1 bajar la ultima version del soft desde este link: https:\/\/www.zxwtools.com\/en\/download.html<br \/>\ny haberse creado una cuenta desde este link: https:\/\/t.zxwsoft.com\/user\/register.aspx<\/p>\n<p>y luego hacer esto<br \/>\nhttps:\/\/www.zxwtools.com\/en\/ArticleInfo_96.html<\/p>\n<p>\u00a1Nota importante! La misma cuenta se puede utilizar en 15 computadoras distintas (no simult\u00e1neamente).<br \/>\nTenga en cuenta que para poder utilizar dicho soft deber\u00e1 tener la pc con el windows defender desactivado y tambi\u00e9n quiz\u00e1s deba desactivar su antivirus<\/p>\n","protected":false},"excerpt":{"rendered":"<h6><span style=\"color: #3366ff;\">\u00a1\u00a1 EL PRECIO CORRESPONDE EN EFECTIVO \u00a1\u00a1<\/span><\/h6>\n<h5><span style=\"color: #ff0000;\"><strong>ABONANDO CON MERCADO PAGO <\/strong><\/span><\/h5>\n<h5><span style=\"color: #ff0000;\"><strong> 20 % MAS DE RECARGO<\/strong><\/span><\/h5>\n","protected":false},"featured_media":6396,"comment_status":"closed","ping_status":"closed","template":"","meta":[],"product_brand":[],"product_cat":[16,55],"product_tag":[],"class_list":{"0":"post-989","1":"product","2":"type-product","3":"status-publish","4":"has-post-thumbnail","6":"product_cat-herramientas","7":"product_cat-herramientas-sin-categoria","9":"first","10":"instock","11":"shipping-taxable","12":"purchasable","13":"product-type-simple"},"_links":{"self":[{"href":"https:\/\/applebejarano.com.ar\/herramientas\/wp-json\/wp\/v2\/product\/989","targetHints":{"allow":["GET"]}}],"collection":[{"href":"https:\/\/applebejarano.com.ar\/herramientas\/wp-json\/wp\/v2\/product"}],"about":[{"href":"https:\/\/applebejarano.com.ar\/herramientas\/wp-json\/wp\/v2\/types\/product"}],"replies":[{"embeddable":true,"href":"https:\/\/applebejarano.com.ar\/herramientas\/wp-json\/wp\/v2\/comments?post=989"}],"wp:featuredmedia":[{"embeddable":true,"href":"https:\/\/applebejarano.com.ar\/herramientas\/wp-json\/wp\/v2\/media\/6396"}],"wp:attachment":[{"href":"https:\/\/applebejarano.com.ar\/herramientas\/wp-json\/wp\/v2\/media?parent=989"}],"wp:term":[{"taxonomy":"product_brand","embeddable":true,"href":"https:\/\/applebejarano.com.ar\/herramientas\/wp-json\/wp\/v2\/product_brand?post=989"},{"taxonomy":"product_cat","embeddable":true,"href":"https:\/\/applebejarano.com.ar\/herramientas\/wp-json\/wp\/v2\/product_cat?post=989"},{"taxonomy":"product_tag","embeddable":true,"href":"https:\/\/applebejarano.com.ar\/herramientas\/wp-json\/wp\/v2\/product_tag?post=989"}],"curies":[{"name":"wp","href":"https:\/\/api.w.org\/{rel}","templated":true}]}}