{"id":8474,"date":"2022-05-13T17:03:27","date_gmt":"2022-05-13T20:03:27","guid":{"rendered":"https:\/\/applebejarano.com.ar\/herramientas\/?post_type=product&#038;p=8474"},"modified":"2026-03-17T18:31:12","modified_gmt":"2026-03-17T21:31:12","slug":"soporte-de-placa-iphone-11-con-stencil-qianli","status":"publish","type":"product","link":"https:\/\/applebejarano.com.ar\/herramientas\/producto\/soporte-de-placa-iphone-11-con-stencil-qianli\/","title":{"rendered":"SOPORTE DE PLACA IPHONE 11 CON STENCIL QIANLI"},"content":{"rendered":"<h1 class=\"product_title entry-title\">Plataforma Reballing &#8211; IPHONE 11<\/h1>\n<div class=\"jq-tabs tabs_wrapper ui-tabs ui-widget ui-widget-content ui-corner-all\">\n<div id=\"tab-description\" class=\"ui-tabs-panel ui-widget-content ui-corner-bottom\" role=\"tabpanel\" aria-labelledby=\"ui-id-1\" aria-hidden=\"false\">\n<p>La plantilla de acero permanece en su forma original a alta temperatura.<br \/>\nReemplaz\u00f3 los m\u00e9todos tradicionales de recubrimiento de esta\u00f1o, que son duraderos y convenientes, lo que facilita el recubrimiento.<br \/>\n\u2022 Fuerte atracci\u00f3n magn\u00e9tica<br \/>\n\u2022 Posicionamiento preciso<br \/>\n\u2022 Alta eficiencia<br \/>\n\u2022 Material superior<\/p>\n<\/div>\n<\/div>\n","protected":false},"excerpt":{"rendered":"<p>Plataforma Reballing &#8211; IPHONE 11 La plantilla de acero permanece en su forma original a alta temperatura. Reemplaz\u00f3 los m\u00e9todos tradicionales de recubrimiento de esta\u00f1o, que son duraderos y convenientes, lo que facilita el recubrimiento. \u2022 Fuerte atracci\u00f3n magn\u00e9tica \u2022 Posicionamiento preciso \u2022 Alta eficiencia \u2022 Material superior<\/p>\n","protected":false},"featured_media":8472,"comment_status":"closed","ping_status":"closed","template":"","meta":[],"product_brand":[],"product_cat":[16,24],"product_tag":[],"class_list":{"0":"post-8474","1":"product","2":"type-product","3":"status-publish","4":"has-post-thumbnail","6":"product_cat-herramientas","7":"product_cat-soportes","9":"first","10":"instock","11":"shipping-taxable","12":"purchasable","13":"product-type-simple"},"_links":{"self":[{"href":"https:\/\/applebejarano.com.ar\/herramientas\/wp-json\/wp\/v2\/product\/8474","targetHints":{"allow":["GET"]}}],"collection":[{"href":"https:\/\/applebejarano.com.ar\/herramientas\/wp-json\/wp\/v2\/product"}],"about":[{"href":"https:\/\/applebejarano.com.ar\/herramientas\/wp-json\/wp\/v2\/types\/product"}],"replies":[{"embeddable":true,"href":"https:\/\/applebejarano.com.ar\/herramientas\/wp-json\/wp\/v2\/comments?post=8474"}],"wp:featuredmedia":[{"embeddable":true,"href":"https:\/\/applebejarano.com.ar\/herramientas\/wp-json\/wp\/v2\/media\/8472"}],"wp:attachment":[{"href":"https:\/\/applebejarano.com.ar\/herramientas\/wp-json\/wp\/v2\/media?parent=8474"}],"wp:term":[{"taxonomy":"product_brand","embeddable":true,"href":"https:\/\/applebejarano.com.ar\/herramientas\/wp-json\/wp\/v2\/product_brand?post=8474"},{"taxonomy":"product_cat","embeddable":true,"href":"https:\/\/applebejarano.com.ar\/herramientas\/wp-json\/wp\/v2\/product_cat?post=8474"},{"taxonomy":"product_tag","embeddable":true,"href":"https:\/\/applebejarano.com.ar\/herramientas\/wp-json\/wp\/v2\/product_tag?post=8474"}],"curies":[{"name":"wp","href":"https:\/\/api.w.org\/{rel}","templated":true}]}}