{"id":3730,"date":"2020-06-14T22:03:35","date_gmt":"2020-06-15T01:03:35","guid":{"rendered":"https:\/\/applebejarano.com.ar\/herramientas\/?post_type=product&#038;p=3730"},"modified":"2025-08-19T15:48:21","modified_gmt":"2025-08-19T18:48:21","slug":"hilo-alambre-tanza-griffin-jgs-02-0-04mm-x-100mts","status":"publish","type":"product","link":"https:\/\/applebejarano.com.ar\/herramientas\/producto\/hilo-alambre-tanza-griffin-jgs-02-0-04mm-x-100mts\/","title":{"rendered":"HILO ALAMBRE TANZA GRIFFIN JGS-02  0.04MM X 100MTS"},"content":{"rendered":"<h1 class=\"product_title entry-title\">Cable JGS-02 de 0.04 mm x 100 m para separar la pantalla &#8211; GrifFIN<\/h1>\n<div class=\"codigo-prod\">C\u00f3digo:\u00a014207<\/div>\n<div class=\"jq-tabs tabs_wrapper ui-tabs ui-widget ui-widget-content ui-corner-all\">\n<div id=\"tab-description\" class=\"ui-tabs-panel ui-widget-content ui-corner-bottom\" role=\"tabpanel\" aria-labelledby=\"ui-id-1\" aria-hidden=\"false\">\n<p>Alambre de corte Griffin &#8211; Modelo JGS-02<\/p>\n<p>\u2022 Di\u00e1metro: 0.04 mm<br \/>\n\u2022 Longitud: 100 m<\/p>\n<p>&#8211; Rollo de cable para separar la pantalla de protecci\u00f3n (vidrio) del ensamblaje de la pantalla frontal (LCD), es un producto esencial para los t\u00e9cnicos profesionales que trabajan con el mantenimiento de tel\u00e9fonos celulares, tel\u00e9fonos inteligentes y tabletas.<br \/>\n&#8211; El objetivo principal del cable para separar la pantalla LCD es pasar entre la pantalla de protecci\u00f3n y la pantalla LCD, mientras se calienta sobre la base de la estaci\u00f3n de calentamiento para la separaci\u00f3n de la pantalla LCD.<br \/>\n&#8211; Alta resistencia y dureza.<\/p>\n<\/div>\n<\/div>\n","protected":false},"excerpt":{"rendered":"<p>Cable JGS-02 de 0.04 mm x 100 m para separar la pantalla &#8211; GrifFIN C\u00f3digo:\u00a014207 Alambre de corte Griffin &#8211; Modelo JGS-02 \u2022 Di\u00e1metro: 0.04 mm \u2022 Longitud: 100 m &#8211; Rollo de cable para separar la pantalla de protecci\u00f3n (vidrio) del ensamblaje de la pantalla frontal (LCD), es un producto esencial para los t\u00e9cnicos [&hellip;]<\/p>\n","protected":false},"featured_media":3731,"comment_status":"closed","ping_status":"closed","template":"","meta":[],"product_brand":[],"product_cat":[16,55],"product_tag":[],"class_list":{"0":"post-3730","1":"product","2":"type-product","3":"status-publish","4":"has-post-thumbnail","6":"product_cat-herramientas","7":"product_cat-herramientas-sin-categoria","9":"first","10":"outofstock","11":"shipping-taxable","12":"purchasable","13":"product-type-simple"},"_links":{"self":[{"href":"https:\/\/applebejarano.com.ar\/herramientas\/wp-json\/wp\/v2\/product\/3730","targetHints":{"allow":["GET"]}}],"collection":[{"href":"https:\/\/applebejarano.com.ar\/herramientas\/wp-json\/wp\/v2\/product"}],"about":[{"href":"https:\/\/applebejarano.com.ar\/herramientas\/wp-json\/wp\/v2\/types\/product"}],"replies":[{"embeddable":true,"href":"https:\/\/applebejarano.com.ar\/herramientas\/wp-json\/wp\/v2\/comments?post=3730"}],"wp:featuredmedia":[{"embeddable":true,"href":"https:\/\/applebejarano.com.ar\/herramientas\/wp-json\/wp\/v2\/media\/3731"}],"wp:attachment":[{"href":"https:\/\/applebejarano.com.ar\/herramientas\/wp-json\/wp\/v2\/media?parent=3730"}],"wp:term":[{"taxonomy":"product_brand","embeddable":true,"href":"https:\/\/applebejarano.com.ar\/herramientas\/wp-json\/wp\/v2\/product_brand?post=3730"},{"taxonomy":"product_cat","embeddable":true,"href":"https:\/\/applebejarano.com.ar\/herramientas\/wp-json\/wp\/v2\/product_cat?post=3730"},{"taxonomy":"product_tag","embeddable":true,"href":"https:\/\/applebejarano.com.ar\/herramientas\/wp-json\/wp\/v2\/product_tag?post=3730"}],"curies":[{"name":"wp","href":"https:\/\/api.w.org\/{rel}","templated":true}]}}