{"id":3624,"date":"2021-01-14T17:20:00","date_gmt":"2021-01-14T20:20:00","guid":{"rendered":"https:\/\/applebejarano.com.ar\/herramientas\/?post_type=product&#038;p=3624"},"modified":"2025-09-15T14:32:38","modified_gmt":"2025-09-15T17:32:38","slug":"malla-desoldante-relife-1520-1-5mm-con-pico","status":"publish","type":"product","link":"https:\/\/applebejarano.com.ar\/herramientas\/producto\/malla-desoldante-relife-1520-1-5mm-con-pico\/","title":{"rendered":"MALLA DESOLDANTE RELIFE 1520 1.5MM CON PICO"},"content":{"rendered":"<p>Malla desoldadora Relife<br \/>\n\u2022 Ancho: 1,5 mm<br \/>\n\u2022 Largo: 2 metros<\/p>\n<p>\u2022 Conducci\u00f3n de calor r\u00e1pida con resistencia a la corrosi\u00f3n y la oxidaci\u00f3n<br \/>\n\u2022 Adecuado para usar en m\u00faltiples placas PCB<br \/>\n\u2022 Dise\u00f1o ergon\u00f3mico, f\u00e1cil de sostener y f\u00e1cil de operar<br \/>\n\u2022 Bajo residuo adecuado para uso de precisi\u00f3n en la placa de circuito<br \/>\n\u2022 Absorbe eficientemente el exceso de soldadura<br \/>\n\u2022 Dise\u00f1o de tejido de precisi\u00f3n de cobre puro<\/p>\n<p>&#8211; Montaje de la l\u00ednea de fijaci\u00f3n: girar a la derecha.\u00a0Conveniente para reciclar hilos de cobre no utilizados<\/p>\n<p>Obtenga esta excelente malla blanqueadora de Relife y elimine la molestia de otras telas blanqueadoras.<br \/>\nNo m\u00e1s desorden, problema de calidad, que afecta su trabajo.<\/p>\n<p>RELIFE |\u00a0Potente malla de desoldador, dise\u00f1o de apariencia \u00fanica, materiales de alta calidad, tejido de precisi\u00f3n geom\u00e9trica, para resolver todos sus problemas.<\/p>\n","protected":false},"excerpt":{"rendered":"<p>Malla desoldadora Relife \u2022 Ancho: 1,5 mm \u2022 Largo: 2 metros \u2022 Conducci\u00f3n de calor r\u00e1pida con resistencia a la corrosi\u00f3n y la oxidaci\u00f3n \u2022 Adecuado para usar en m\u00faltiples placas PCB \u2022 Dise\u00f1o ergon\u00f3mico, f\u00e1cil de sostener y f\u00e1cil de operar \u2022 Bajo residuo adecuado para uso de precisi\u00f3n en la placa de circuito [&hellip;]<\/p>\n","protected":false},"featured_media":3647,"comment_status":"closed","ping_status":"closed","template":"","meta":[],"product_brand":[],"product_cat":[16,52],"product_tag":[],"class_list":{"0":"post-3624","1":"product","2":"type-product","3":"status-publish","4":"has-post-thumbnail","6":"product_cat-herramientas","7":"product_cat-malla-desoldante","9":"first","10":"instock","11":"shipping-taxable","12":"purchasable","13":"product-type-simple"},"_links":{"self":[{"href":"https:\/\/applebejarano.com.ar\/herramientas\/wp-json\/wp\/v2\/product\/3624","targetHints":{"allow":["GET"]}}],"collection":[{"href":"https:\/\/applebejarano.com.ar\/herramientas\/wp-json\/wp\/v2\/product"}],"about":[{"href":"https:\/\/applebejarano.com.ar\/herramientas\/wp-json\/wp\/v2\/types\/product"}],"replies":[{"embeddable":true,"href":"https:\/\/applebejarano.com.ar\/herramientas\/wp-json\/wp\/v2\/comments?post=3624"}],"wp:featuredmedia":[{"embeddable":true,"href":"https:\/\/applebejarano.com.ar\/herramientas\/wp-json\/wp\/v2\/media\/3647"}],"wp:attachment":[{"href":"https:\/\/applebejarano.com.ar\/herramientas\/wp-json\/wp\/v2\/media?parent=3624"}],"wp:term":[{"taxonomy":"product_brand","embeddable":true,"href":"https:\/\/applebejarano.com.ar\/herramientas\/wp-json\/wp\/v2\/product_brand?post=3624"},{"taxonomy":"product_cat","embeddable":true,"href":"https:\/\/applebejarano.com.ar\/herramientas\/wp-json\/wp\/v2\/product_cat?post=3624"},{"taxonomy":"product_tag","embeddable":true,"href":"https:\/\/applebejarano.com.ar\/herramientas\/wp-json\/wp\/v2\/product_tag?post=3624"}],"curies":[{"name":"wp","href":"https:\/\/api.w.org\/{rel}","templated":true}]}}